{"id":3103,"date":"2021-04-29T20:49:31","date_gmt":"2021-04-29T18:49:31","guid":{"rendered":"https:\/\/octopuscaparica.com\/fooldal\/"},"modified":"2025-05-22T13:47:09","modified_gmt":"2025-05-22T11:47:09","slug":"fooldal","status":"publish","type":"page","link":"https:\/\/octopuscaparica.com\/hu\/","title":{"rendered":"F\u0151oldal"},"content":{"rendered":"\t\t<div data-elementor-type=\"wp-page\" data-elementor-id=\"3103\" class=\"elementor elementor-3103 elementor-85\" data-elementor-post-type=\"page\">\n\t\t\t\t<div class=\"elementor-element elementor-element-a15addd e-flex e-con-boxed e-con e-parent\" data-id=\"a15addd\" data-element_type=\"container\" data-settings=\"{&quot;background_background&quot;:&quot;video&quot;,&quot;background_video_link&quot;:&quot;https:\\\/\\\/vimeo.com\\\/952007925\\\/638272d325&quot;,&quot;background_privacy_mode&quot;:&quot;yes&quot;,&quot;background_play_on_mobile&quot;:&quot;yes&quot;,&quot;jet_parallax_layout_list&quot;:[]}\">\n\t\t\t\t\t<div class=\"e-con-inner\">\n\t\t<div class=\"elementor-background-video-container\">\n\t\t\t\t\t\t\t<div class=\"elementor-background-video-embed\"><\/div>\n\t\t\t\t\t\t<\/div>\t\t\t<\/div>\n\t\t\t\t<\/div>\n\t\t<div class=\"elementor-element elementor-element-6d05d5f e-flex e-con-boxed e-con e-parent\" data-id=\"6d05d5f\" data-element_type=\"container\" data-settings=\"{&quot;jet_parallax_layout_list&quot;:[]}\">\n\t\t\t\t\t<div class=\"e-con-inner\">\n\t\t<div class=\"elementor-element elementor-element-7ffd4d3 e-flex e-con-boxed e-con e-child\" data-id=\"7ffd4d3\" data-element_type=\"container\" data-settings=\"{&quot;jet_parallax_layout_list&quot;:[]}\">\n\t\t\t\t\t<div class=\"e-con-inner\">\n\t\t\t\t<div class=\"elementor-element elementor-element-72e43e9 elementor-widget elementor-widget-shortcode\" data-id=\"72e43e9\" data-element_type=\"widget\" data-widget_type=\"shortcode.default\">\n\t\t\t\t<div class=\"elementor-widget-container\">\n\t\t\t\t\t<!--Booking Engine Start--><script data-cfasync=\"false\" src=\"https:\/\/ibe.sabeeapp.com\/bewidget.php?id=7375f818208fcdbec46c00cf080c0704\" type=\"text\/javascript\" id=\"widget_7375f818208fcdbec46c00cf080c0704\"><\/script><!--Booking Engine End-->\t\t<div class=\"elementor-shortcode\"><\/div>\n\t\t\t\t\t\t<\/div>\n\t\t\t\t<\/div>\n\t\t\t\t<div class=\"elementor-element elementor-element-0357d34 elementor-widget elementor-widget-heading\" data-id=\"0357d34\" data-element_type=\"widget\" data-widget_type=\"heading.default\">\n\t\t\t\t<div class=\"elementor-widget-container\">\n\t\t\t\t\t<h1 class=\"elementor-heading-title elementor-size-default\">Otthon Caparica Sz\u00edv\u00e9ben<\/h1>\t\t\t\t<\/div>\n\t\t\t\t<\/div>\n\t\t\t\t<div class=\"elementor-element elementor-element-be46702 elementor-widget-divider--view-line elementor-widget elementor-widget-divider\" data-id=\"be46702\" data-element_type=\"widget\" data-widget_type=\"divider.default\">\n\t\t\t\t<div class=\"elementor-widget-container\">\n\t\t\t\t\t\t\t<div class=\"elementor-divider\">\n\t\t\t<span class=\"elementor-divider-separator\">\n\t\t\t\t\t\t<\/span>\n\t\t<\/div>\n\t\t\t\t\t\t<\/div>\n\t\t\t\t<\/div>\n\t\t\t\t\t<\/div>\n\t\t\t\t<\/div>\n\t\t\t\t\t<\/div>\n\t\t\t\t<\/div>\n\t\t<div class=\"elementor-element elementor-element-e008354 e-grid e-con-boxed e-con e-parent\" data-id=\"e008354\" data-element_type=\"container\" data-settings=\"{&quot;jet_parallax_layout_list&quot;:[]}\">\n\t\t\t\t\t<div class=\"e-con-inner\">\n\t\t\t\t<div class=\"elementor-element elementor-element-f59b3fa elementor-widget elementor-widget-image\" data-id=\"f59b3fa\" data-element_type=\"widget\" data-widget_type=\"image.default\">\n\t\t\t\t<div class=\"elementor-widget-container\">\n\t\t\t\t\t\t\t\t\t\t\t\t\t\t\t<img fetchpriority=\"high\" decoding=\"async\" width=\"550\" height=\"412\" src=\"https:\/\/octopuscaparica.com\/wp-content\/uploads\/2024\/09\/portugalpics-39.jpg\" class=\"attachment-large size-large wp-image-3765\" alt=\"Our Apartments\" srcset=\"https:\/\/octopuscaparica.com\/wp-content\/uploads\/2024\/09\/portugalpics-39.jpg 550w, https:\/\/octopuscaparica.com\/wp-content\/uploads\/2024\/09\/portugalpics-39-300x225.jpg 300w\" sizes=\"(max-width: 550px) 100vw, 550px\" \/>\t\t\t\t\t\t\t\t\t\t\t\t\t\t\t<\/div>\n\t\t\t\t<\/div>\n\t\t<div class=\"elementor-element elementor-element-40111af e-con-full e-flex e-con e-child\" data-id=\"40111af\" data-element_type=\"container\" data-settings=\"{&quot;jet_parallax_layout_list&quot;:[]}\">\n\t\t\t\t<div class=\"elementor-element elementor-element-62084cf elementor-widget elementor-widget-heading\" data-id=\"62084cf\" data-element_type=\"widget\" data-widget_type=\"heading.default\">\n\t\t\t\t<div class=\"elementor-widget-container\">\n\t\t\t\t\t<h4 class=\"elementor-heading-title elementor-size-default\">Apartmanjaink<\/h4>\t\t\t\t<\/div>\n\t\t\t\t<\/div>\n\t\t\t\t<div class=\"elementor-element elementor-element-bce1c34 elementor-widget-divider--view-line elementor-widget elementor-widget-divider\" data-id=\"bce1c34\" data-element_type=\"widget\" data-widget_type=\"divider.default\">\n\t\t\t\t<div class=\"elementor-widget-container\">\n\t\t\t\t\t\t\t<div class=\"elementor-divider\">\n\t\t\t<span class=\"elementor-divider-separator\">\n\t\t\t\t\t\t<\/span>\n\t\t<\/div>\n\t\t\t\t\t\t<\/div>\n\t\t\t\t<\/div>\n\t\t\t\t<div class=\"elementor-element elementor-element-b3f5bfc elementor-widget elementor-widget-text-editor\" data-id=\"b3f5bfc\" data-element_type=\"widget\" data-widget_type=\"text-editor.default\">\n\t\t\t\t<div class=\"elementor-widget-container\">\n\t\t\t\t\t\t\t\t\t<p>A Octopus House, amely egy 7 k\u00fcl\u00f6n\u00e1ll\u00f3 \u00e9p\u00fcletb\u0151l \u00e1ll\u00f3 Octopus H\u00e1z 15 percre tal\u00e1lhat\u00f3 Lisszabont\u00f3l, Costa da Caprica egyik legjobb k\u00f6rny\u00e9k\u00e9n, csak 200 m\u00e9terre a tengerpartt\u00f3l \u00e9s 2 percnyi s\u00e9t\u00e1ra a kik\u00f6t\u0151t\u0151l.<\/p>\n<p><span style=\"font-weight: 400;\">A h\u00e1zat \u00fagy alak\u00edtottuk ki, hogy t\u00fckr\u00f6zze azt az ig\u00e9nyt amire mi mindig is v\u00e1gytunk utaz\u00e1saink sor\u00e1n. Alkalmas legyen ak\u00e1r egy t\u00f6k\u00e9letes csal\u00e1di vak\u00e1ci\u00f3 megval\u00f3s\u00edt\u00e1s\u00e1ra, ak\u00e1r egy sportos akt\u00edv szabads\u00e1g meg\u00e9l\u00e9s\u00e9re, vagy ak\u00e1r egy csendet \u00e9s hangulatot ig\u00e9nyl\u0151 k\u00f6nyv \u00edr\u00f3i k\u00f6rnyezet megtal\u00e1l\u00e1s\u00e1ra.  <\/span><\/p>\n\t\t\t\t\t\t\t\t<\/div>\n\t\t\t\t<\/div>\n\t\t\t\t<div class=\"elementor-element elementor-element-a88854a elementor-align-center elementor-widget elementor-widget-button\" data-id=\"a88854a\" data-element_type=\"widget\" data-widget_type=\"button.default\">\n\t\t\t\t<div class=\"elementor-widget-container\">\n\t\t\t\t\t\t\t\t\t<div class=\"elementor-button-wrapper\">\n\t\t\t\t\t<a class=\"elementor-button elementor-button-link elementor-size-sm\" href=\"\/hu\/apartment\/\">\n\t\t\t\t\t\t<span class=\"elementor-button-content-wrapper\">\n\t\t\t\t\t\t\t\t\t<span class=\"elementor-button-text\">Apartmanjaink<\/span>\n\t\t\t\t\t<\/span>\n\t\t\t\t\t<\/a>\n\t\t\t\t<\/div>\n\t\t\t\t\t\t\t\t<\/div>\n\t\t\t\t<\/div>\n\t\t\t\t<\/div>\n\t\t\t\t<div class=\"elementor-element elementor-element-e7a6652 elementor-widget elementor-widget-image\" data-id=\"e7a6652\" data-element_type=\"widget\" data-widget_type=\"image.default\">\n\t\t\t\t<div class=\"elementor-widget-container\">\n\t\t\t\t\t\t\t\t\t\t\t\t\t\t\t<img decoding=\"async\" width=\"630\" height=\"420\" src=\"https:\/\/octopuscaparica.com\/wp-content\/uploads\/2024\/09\/portugalpics-25-2.jpg\" class=\"attachment-large size-large wp-image-3771\" alt=\"About us\" srcset=\"https:\/\/octopuscaparica.com\/wp-content\/uploads\/2024\/09\/portugalpics-25-2.jpg 630w, https:\/\/octopuscaparica.com\/wp-content\/uploads\/2024\/09\/portugalpics-25-2-300x200.jpg 300w\" sizes=\"(max-width: 630px) 100vw, 630px\" \/>\t\t\t\t\t\t\t\t\t\t\t\t\t\t\t<\/div>\n\t\t\t\t<\/div>\n\t\t<div class=\"elementor-element elementor-element-0bc557f e-con-full e-flex e-con e-child\" data-id=\"0bc557f\" data-element_type=\"container\" data-settings=\"{&quot;jet_parallax_layout_list&quot;:[]}\">\n\t\t\t\t<div class=\"elementor-element elementor-element-aeede2d elementor-widget elementor-widget-heading\" data-id=\"aeede2d\" data-element_type=\"widget\" data-widget_type=\"heading.default\">\n\t\t\t\t<div class=\"elementor-widget-container\">\n\t\t\t\t\t<h4 class=\"elementor-heading-title elementor-size-default\">R\u00f3lunk<\/h4>\t\t\t\t<\/div>\n\t\t\t\t<\/div>\n\t\t\t\t<div class=\"elementor-element elementor-element-3bf76a3 elementor-widget-divider--view-line elementor-widget elementor-widget-divider\" data-id=\"3bf76a3\" data-element_type=\"widget\" data-widget_type=\"divider.default\">\n\t\t\t\t<div class=\"elementor-widget-container\">\n\t\t\t\t\t\t\t<div class=\"elementor-divider\">\n\t\t\t<span class=\"elementor-divider-separator\">\n\t\t\t\t\t\t<\/span>\n\t\t<\/div>\n\t\t\t\t\t\t<\/div>\n\t\t\t\t<\/div>\n\t\t\t\t<div class=\"elementor-element elementor-element-60daa50 elementor-widget elementor-widget-text-editor\" data-id=\"60daa50\" data-element_type=\"widget\" data-widget_type=\"text-editor.default\">\n\t\t\t\t<div class=\"elementor-widget-container\">\n\t\t\t\t\t\t\t\t\t<p><span style=\"font-weight: 400;\">Vil\u00e1gfelfedez\u0151k, vil\u00e1gpolg\u00e1rok, kalandorok, sz\u00f6rf- \u00e9s sportkedvel\u0151k, term\u00e9szet \u00e9s hangulat im\u00e1d\u00f3k vagyunk. V\u00edzi\u00f3nk, hogy egy olyan min\u0151s\u00e9gi sz\u00e1ll\u00e1shelyet tudjunk Caparica \u00f3ce\u00e1n partj\u00e1n m\u0171k\u00f6dtetni, ami elvar\u00e1zsol t\u00e9ged! <\/span><\/p>\n\t\t\t\t\t\t\t\t<\/div>\n\t\t\t\t<\/div>\n\t\t\t\t<\/div>\n\t\t\t\t<div class=\"elementor-element elementor-element-88e94aa elementor-widget elementor-widget-image\" data-id=\"88e94aa\" data-element_type=\"widget\" data-widget_type=\"image.default\">\n\t\t\t\t<div class=\"elementor-widget-container\">\n\t\t\t\t\t\t\t\t\t\t\t\t\t\t\t<img decoding=\"async\" width=\"653\" height=\"410\" src=\"https:\/\/octopuscaparica.com\/wp-content\/uploads\/2024\/05\/location-1.jpg\" class=\"attachment-large size-large wp-image-3090\" alt=\"\" srcset=\"https:\/\/octopuscaparica.com\/wp-content\/uploads\/2024\/05\/location-1.jpg 653w, https:\/\/octopuscaparica.com\/wp-content\/uploads\/2024\/05\/location-1-300x188.jpg 300w\" sizes=\"(max-width: 653px) 100vw, 653px\" \/>\t\t\t\t\t\t\t\t\t\t\t\t\t\t\t<\/div>\n\t\t\t\t<\/div>\n\t\t<div class=\"elementor-element elementor-element-2e6d04b e-con-full e-flex e-con e-child\" data-id=\"2e6d04b\" data-element_type=\"container\" data-settings=\"{&quot;jet_parallax_layout_list&quot;:[]}\">\n\t\t\t\t<div class=\"elementor-element elementor-element-72bf5cd elementor-widget elementor-widget-heading\" data-id=\"72bf5cd\" data-element_type=\"widget\" data-widget_type=\"heading.default\">\n\t\t\t\t<div class=\"elementor-widget-container\">\n\t\t\t\t\t<h4 class=\"elementor-heading-title elementor-size-default\">Helysz\u00edn<\/h4>\t\t\t\t<\/div>\n\t\t\t\t<\/div>\n\t\t\t\t<div class=\"elementor-element elementor-element-8efa38a elementor-widget-divider--view-line elementor-widget elementor-widget-divider\" data-id=\"8efa38a\" data-element_type=\"widget\" data-widget_type=\"divider.default\">\n\t\t\t\t<div class=\"elementor-widget-container\">\n\t\t\t\t\t\t\t<div class=\"elementor-divider\">\n\t\t\t<span class=\"elementor-divider-separator\">\n\t\t\t\t\t\t<\/span>\n\t\t<\/div>\n\t\t\t\t\t\t<\/div>\n\t\t\t\t<\/div>\n\t\t\t\t<div class=\"elementor-element elementor-element-8a2a7ff elementor-widget elementor-widget-text-editor\" data-id=\"8a2a7ff\" data-element_type=\"widget\" data-widget_type=\"text-editor.default\">\n\t\t\t\t<div class=\"elementor-widget-container\">\n\t\t\t\t\t\t\t\t\t<p style=\"text-align: center;\">Az Octopus House Lisszabont\u00f3l 15 percnyire aut\u00f3val, m\u00e9gis egy kisv\u00e1rosi k\u00f6rnyezetben tal\u00e1lhat\u00f3. Az apartmanok egyar\u00e1nt alkalmasak ha sz\u00f6rf\u00f6zni vagy strandolni szeretn\u00e9l. Costa de Caparica \u00e9s k\u00f6rny\u00e9ke pedig tele van felfedez\u00e9sre v\u00e1r\u00f3 kir\u00e1ndul\u00f3 helyekkel es beach-b\u00e1rokkal.  <\/p>\n<p style=\"text-align: center;\"><a href=\"https:\/\/octopuscaparica.com\/hu\/kapcsolat\/\">T\u00c9RK\u00c9P MEGTEKINT\u00c9SE<\/a><\/p>\n\t\t\t\t\t\t\t\t<\/div>\n\t\t\t\t<\/div>\n\t\t\t\t<\/div>\n\t\t\t\t\t<\/div>\n\t\t\t\t<\/div>\n\t\t\t\t<\/div>\n\t\t","protected":false},"excerpt":{"rendered":"<p>Otthon Caparica Sz\u00edv\u00e9ben Apartmanjaink A Octopus House, amely egy 7 k\u00fcl\u00f6n\u00e1ll\u00f3 \u00e9p\u00fcletb\u0151l \u00e1ll\u00f3 Octopus H\u00e1z 15 percre tal\u00e1lhat\u00f3 Lisszabont\u00f3l, Costa da Caprica egyik legjobb k\u00f6rny\u00e9k\u00e9n, csak 200 m\u00e9terre a tengerpartt\u00f3l \u00e9s 2 percnyi s\u00e9t\u00e1ra a kik\u00f6t\u0151t\u0151l. A h\u00e1zat \u00fagy alak\u00edtottuk ki, hogy t\u00fckr\u00f6zze azt az ig\u00e9nyt amire mi mindig is v\u00e1gytunk utaz\u00e1saink sor\u00e1n. Alkalmas legyen [&hellip;]<\/p>\n","protected":false},"author":2,"featured_media":3053,"parent":0,"menu_order":0,"comment_status":"closed","ping_status":"closed","template":"","meta":{"_acf_changed":false,"footnotes":""},"class_list":["post-3103","page","type-page","status-publish","has-post-thumbnail","hentry"],"acf":[],"_links":{"self":[{"href":"https:\/\/octopuscaparica.com\/hu\/wp-json\/wp\/v2\/pages\/3103","targetHints":{"allow":["GET"]}}],"collection":[{"href":"https:\/\/octopuscaparica.com\/hu\/wp-json\/wp\/v2\/pages"}],"about":[{"href":"https:\/\/octopuscaparica.com\/hu\/wp-json\/wp\/v2\/types\/page"}],"author":[{"embeddable":true,"href":"https:\/\/octopuscaparica.com\/hu\/wp-json\/wp\/v2\/users\/2"}],"replies":[{"embeddable":true,"href":"https:\/\/octopuscaparica.com\/hu\/wp-json\/wp\/v2\/comments?post=3103"}],"version-history":[{"count":54,"href":"https:\/\/octopuscaparica.com\/hu\/wp-json\/wp\/v2\/pages\/3103\/revisions"}],"predecessor-version":[{"id":4332,"href":"https:\/\/octopuscaparica.com\/hu\/wp-json\/wp\/v2\/pages\/3103\/revisions\/4332"}],"wp:featuredmedia":[{"embeddable":true,"href":"https:\/\/octopuscaparica.com\/hu\/wp-json\/wp\/v2\/media\/3053"}],"wp:attachment":[{"href":"https:\/\/octopuscaparica.com\/hu\/wp-json\/wp\/v2\/media?parent=3103"}],"curies":[{"name":"wp","href":"https:\/\/api.w.org\/{rel}","templated":true}]}}