{"id":3151,"date":"2024-02-21T19:42:03","date_gmt":"2024-02-21T18:42:03","guid":{"rendered":"https:\/\/octopuscaparica.com\/online-foglalas\/"},"modified":"2024-06-07T14:58:41","modified_gmt":"2024-06-07T12:58:41","slug":"online-foglalas","status":"publish","type":"page","link":"https:\/\/octopuscaparica.com\/hu\/online-foglalas\/","title":{"rendered":"Foglal\u00e1s"},"content":{"rendered":"\t\t<div data-elementor-type=\"wp-page\" data-elementor-id=\"3151\" class=\"elementor elementor-3151 elementor-2342\" data-elementor-post-type=\"page\">\n\t\t\t\t<div class=\"elementor-element elementor-element-6113be5 e-flex e-con-boxed e-con e-parent\" data-id=\"6113be5\" data-element_type=\"container\" data-settings=\"{&quot;background_background&quot;:&quot;classic&quot;,&quot;jet_parallax_layout_list&quot;:[]}\">\n\t\t\t\t\t<div class=\"e-con-inner\">\n\t\t<div class=\"elementor-element elementor-element-77e8374 e-flex e-con-boxed e-con e-child\" data-id=\"77e8374\" data-element_type=\"container\" data-settings=\"{&quot;background_background&quot;:&quot;classic&quot;,&quot;jet_parallax_layout_list&quot;:[]}\">\n\t\t\t\t\t<div class=\"e-con-inner\">\n\t\t\t\t<div class=\"elementor-element elementor-element-30911d5 elementor-widget elementor-widget-heading\" data-id=\"30911d5\" data-element_type=\"widget\" data-widget_type=\"heading.default\">\n\t\t\t\t<div class=\"elementor-widget-container\">\n\t\t\t\t\t<h1 class=\"elementor-heading-title elementor-size-default\">Nincs jelenleg foglalhat\u00f3 sz\u00e1ll\u00e1s. L\u00e1togass vissza k\u00e9s\u0151bb.<\/h1>\t\t\t\t<\/div>\n\t\t\t\t<\/div>\n\t\t\t\t\t<\/div>\n\t\t\t\t<\/div>\n\t\t\t\t\t<\/div>\n\t\t\t\t<\/div>\n\t\t\t\t<\/div>\n\t\t","protected":false},"excerpt":{"rendered":"<p>Nincs jelenleg foglalhat\u00f3 sz\u00e1ll\u00e1s. L\u00e1togass vissza k\u00e9s\u0151bb.<\/p>\n","protected":false},"author":1,"featured_media":3083,"parent":0,"menu_order":0,"comment_status":"closed","ping_status":"closed","template":"","meta":{"_acf_changed":false,"footnotes":""},"class_list":["post-3151","page","type-page","status-publish","has-post-thumbnail","hentry"],"acf":[],"_links":{"self":[{"href":"https:\/\/octopuscaparica.com\/hu\/wp-json\/wp\/v2\/pages\/3151","targetHints":{"allow":["GET"]}}],"collection":[{"href":"https:\/\/octopuscaparica.com\/hu\/wp-json\/wp\/v2\/pages"}],"about":[{"href":"https:\/\/octopuscaparica.com\/hu\/wp-json\/wp\/v2\/types\/page"}],"author":[{"embeddable":true,"href":"https:\/\/octopuscaparica.com\/hu\/wp-json\/wp\/v2\/users\/1"}],"replies":[{"embeddable":true,"href":"https:\/\/octopuscaparica.com\/hu\/wp-json\/wp\/v2\/comments?post=3151"}],"version-history":[{"count":3,"href":"https:\/\/octopuscaparica.com\/hu\/wp-json\/wp\/v2\/pages\/3151\/revisions"}],"predecessor-version":[{"id":3154,"href":"https:\/\/octopuscaparica.com\/hu\/wp-json\/wp\/v2\/pages\/3151\/revisions\/3154"}],"wp:featuredmedia":[{"embeddable":true,"href":"https:\/\/octopuscaparica.com\/hu\/wp-json\/wp\/v2\/media\/3083"}],"wp:attachment":[{"href":"https:\/\/octopuscaparica.com\/hu\/wp-json\/wp\/v2\/media?parent=3151"}],"curies":[{"name":"wp","href":"https:\/\/api.w.org\/{rel}","templated":true}]}}